{"id":81,"date":"2019-06-12T11:55:18","date_gmt":"2019-06-12T11:55:18","guid":{"rendered":"https:\/\/demos.attesawp.com\/business\/?page_id=81"},"modified":"2024-12-19T12:53:18","modified_gmt":"2024-12-19T11:53:18","slug":"servicios","status":"publish","type":"page","link":"https:\/\/automocionmena.es\/?page_id=81","title":{"rendered":"Nuestros Servicios"},"content":{"rendered":"\t\t<div data-elementor-type=\"wp-post\" data-elementor-id=\"81\" class=\"elementor elementor-81\">\n\t\t\t\t\t\t<section class=\"elementor-section elementor-top-section elementor-element elementor-element-5a43f05 elementor-section-boxed elementor-section-height-default elementor-section-height-default\" data-id=\"5a43f05\" data-element_type=\"section\" data-e-type=\"section\" data-settings=\"{&quot;background_background&quot;:&quot;classic&quot;,&quot;shape_divider_bottom&quot;:&quot;clouds&quot;}\">\n\t\t\t\t\t\t\t<div class=\"elementor-background-overlay\"><\/div>\n\t\t\t\t\t\t<div class=\"elementor-shape elementor-shape-bottom\" aria-hidden=\"true\" data-negative=\"false\">\n\t\t\t<svg xmlns=\"http:\/\/www.w3.org\/2000\/svg\" viewBox=\"0 0 283.5 27.8\" preserveAspectRatio=\"xMidYMax slice\">\n  <path class=\"elementor-shape-fill\" d=\"M0 0v6.7c1.9-.8 4.7-1.4 8.5-1 9.5 1.1 11.1 6 11.1 6s2.1-.7 4.3-.2c2.1.5 2.8 2.6 2.8 2.6s.2-.5 1.4-.7c1.2-.2 1.7.2 1.7.2s0-2.1 1.9-2.8c1.9-.7 3.6.7 3.6.7s.7-2.9 3.1-4.1 4.7 0 4.7 0 1.2-.5 2.4 0 1.7 1.4 1.7 1.4h1.4c.7 0 1.2.7 1.2.7s.8-1.8 4-2.2c3.5-.4 5.3 2.4 6.2 4.4.4-.4 1-.7 1.8-.9 2.8-.7 4 .7 4 .7s1.7-5 11.1-6c9.5-1.1 12.3 3.9 12.3 3.9s1.2-4.8 5.7-5.7c4.5-.9 6.8 1.8 6.8 1.8s.6-.6 1.5-.9c.9-.2 1.9-.2 1.9-.2s5.2-6.4 12.6-3.3c7.3 3.1 4.7 9 4.7 9s1.9-.9 4 0 2.8 2.4 2.8 2.4 1.9-1.2 4.5-1.2 4.3 1.2 4.3 1.2.2-1 1.4-1.7 2.1-.7 2.1-.7-.5-3.1 2.1-5.5 5.7-1.4 5.7-1.4 1.5-2.3 4.2-1.1c2.7 1.2 1.7 5.2 1.7 5.2s.3-.1 1.3.5c.5.4.8.8.9 1.1.5-1.4 2.4-5.8 8.4-4 7.1 2.1 3.5 8.9 3.5 8.9s.8-.4 2 0 1.1 1.1 1.1 1.1 1.1-1.1 2.3-1.1 2.1.5 2.1.5 1.9-3.6 6.2-1.2 1.9 6.4 1.9 6.4 2.6-2.4 7.4 0c3.4 1.7 3.9 4.9 3.9 4.9s3.3-6.9 10.4-7.9 11.5 2.6 11.5 2.6.8 0 1.2.2c.4.2.9.9.9.9s4.4-3.1 8.3.2c1.9 1.7 1.5 5 1.5 5s.3-1.1 1.6-1.4c1.3-.3 2.3.2 2.3.2s-.1-1.2.5-1.9 1.9-.9 1.9-.9-4.7-9.3 4.4-13.4c5.6-2.5 9.2.9 9.2.9s5-6.2 15.9-6.2 16.1 8.1 16.1 8.1.7-.2 1.6-.4V0H0z\"\/>\n<\/svg>\n\t\t<\/div>\n\t\t\t\t\t<div class=\"elementor-container elementor-column-gap-default\">\n\t\t\t\t\t<div class=\"elementor-column elementor-col-100 elementor-top-column elementor-element elementor-element-9e84aa0\" data-id=\"9e84aa0\" data-element_type=\"column\" data-e-type=\"column\">\n\t\t\t<div class=\"elementor-widget-wrap elementor-element-populated\">\n\t\t\t\t\t\t<div class=\"elementor-element elementor-element-a41d7cc elementor-widget elementor-widget-heading\" data-id=\"a41d7cc\" data-element_type=\"widget\" data-e-type=\"widget\" data-widget_type=\"heading.default\">\n\t\t\t\t<div class=\"elementor-widget-container\">\n\t\t\t\t\t<h2 class=\"elementor-heading-title elementor-size-default\">Nuestros Servicios<\/h2>\t\t\t\t<\/div>\n\t\t\t\t<\/div>\n\t\t\t\t\t<\/div>\n\t\t<\/div>\n\t\t\t\t\t<\/div>\n\t\t<\/section>\n\t\t\t\t<section class=\"elementor-section elementor-top-section elementor-element elementor-element-f072983 elementor-section-boxed elementor-section-height-default elementor-section-height-default\" data-id=\"f072983\" data-element_type=\"section\" data-e-type=\"section\">\n\t\t\t\t\t\t<div class=\"elementor-container elementor-column-gap-default\">\n\t\t\t\t\t<div class=\"elementor-column elementor-col-33 elementor-top-column elementor-element elementor-element-ce63f23\" data-id=\"ce63f23\" data-element_type=\"column\" data-e-type=\"column\">\n\t\t\t<div class=\"elementor-widget-wrap elementor-element-populated\">\n\t\t\t\t\t\t<div class=\"elementor-element elementor-element-75c43f4 elementor-view-default elementor-position-block-start elementor-mobile-position-block-start elementor-invisible elementor-widget elementor-widget-icon-box\" data-id=\"75c43f4\" data-element_type=\"widget\" data-e-type=\"widget\" data-settings=\"{&quot;_animation&quot;:&quot;fadeInDown&quot;}\" data-widget_type=\"icon-box.default\">\n\t\t\t\t<div class=\"elementor-widget-container\">\n\t\t\t\t\t\t\t<div class=\"elementor-icon-box-wrapper\">\n\n\t\t\t\t\t\t<div class=\"elementor-icon-box-icon\">\n\t\t\t\t<span  class=\"elementor-icon\">\n\t\t\t\t<svg aria-hidden=\"true\" class=\"e-font-icon-svg e-fas-star\" viewBox=\"0 0 576 512\" xmlns=\"http:\/\/www.w3.org\/2000\/svg\"><path d=\"M259.3 17.8L194 150.2 47.9 171.5c-26.2 3.8-36.7 36.1-17.7 54.6l105.7 103-25 145.5c-4.5 26.3 23.2 46 46.4 33.7L288 439.6l130.7 68.7c23.2 12.2 50.9-7.4 46.4-33.7l-25-145.5 105.7-103c19-18.5 8.5-50.8-17.7-54.6L382 150.2 316.7 17.8c-11.7-23.6-45.6-23.9-57.4 0z\"><\/path><\/svg>\t\t\t\t<\/span>\n\t\t\t<\/div>\n\t\t\t\n\t\t\t\t\t\t<div class=\"elementor-icon-box-content\">\n\n\t\t\t\t\t\t\t\t\t<h3 class=\"elementor-icon-box-title\">\n\t\t\t\t\t\t<span  >\n\t\t\t\t\t\t\tCompramos tu veh\u00edculo\t\t\t\t\t\t<\/span>\n\t\t\t\t\t<\/h3>\n\t\t\t\t\n\t\t\t\t\t\t\t\t\t<p class=\"elementor-icon-box-description\">\n\t\t\t\t\t\tAutomoci\u00f3n Mena destaca como una empresa l\u00edder en el sector de compra de veh\u00edculos de segunda mano, ofreciendo a sus clientes una experiencia confiable y transparente. Con a\u00f1os de experiencia, la compa\u00f1\u00eda se ha ganado la confianza de los consumidores gracias a su enfoque profesional y \u00e9tico en todas las transacciones. Automoci\u00f3n Mena se distingue por su compromiso con la satisfacci\u00f3n del cliente, proporcionando evaluaciones justas y competitivas para los veh\u00edculos que adquiere. Adem\u00e1s, su equipo altamente capacitado brinda asesoramiento experto, garantizando que cada cliente encuentre la mejor soluci\u00f3n adaptada a sus necesidades. La reputaci\u00f3n de integridad y calidad de servicio de Automoci\u00f3n Mena la posiciona como la elecci\u00f3n preferida para aquellos que buscan vender o comprar veh\u00edculos de segunda mano de manera segura y sin complicaciones.\t\t\t\t\t<\/p>\n\t\t\t\t\n\t\t\t<\/div>\n\t\t\t\n\t\t<\/div>\n\t\t\t\t\t\t<\/div>\n\t\t\t\t<\/div>\n\t\t\t\t\t<\/div>\n\t\t<\/div>\n\t\t\t\t<div class=\"elementor-column elementor-col-33 elementor-top-column elementor-element elementor-element-2701bec\" data-id=\"2701bec\" data-element_type=\"column\" data-e-type=\"column\">\n\t\t\t<div class=\"elementor-widget-wrap elementor-element-populated\">\n\t\t\t\t\t\t<div class=\"elementor-element elementor-element-e12eadb elementor-view-default elementor-position-block-start elementor-mobile-position-block-start elementor-invisible elementor-widget elementor-widget-icon-box\" data-id=\"e12eadb\" data-element_type=\"widget\" data-e-type=\"widget\" data-settings=\"{&quot;_animation&quot;:&quot;fadeInDown&quot;}\" data-widget_type=\"icon-box.default\">\n\t\t\t\t<div class=\"elementor-widget-container\">\n\t\t\t\t\t\t\t<div class=\"elementor-icon-box-wrapper\">\n\n\t\t\t\t\t\t<div class=\"elementor-icon-box-icon\">\n\t\t\t\t<span  class=\"elementor-icon\">\n\t\t\t\t<svg aria-hidden=\"true\" class=\"e-font-icon-svg e-fas-taxi\" viewBox=\"0 0 512 512\" xmlns=\"http:\/\/www.w3.org\/2000\/svg\"><path d=\"M462 241.64l-22-84.84c-9.6-35.2-41.6-60.8-76.8-60.8H352V64c0-17.67-14.33-32-32-32H192c-17.67 0-32 14.33-32 32v32h-11.2c-35.2 0-67.2 25.6-76.8 60.8l-22 84.84C21.41 248.04 0 273.47 0 304v48c0 23.63 12.95 44.04 32 55.12V448c0 17.67 14.33 32 32 32h32c17.67 0 32-14.33 32-32v-32h256v32c0 17.67 14.33 32 32 32h32c17.67 0 32-14.33 32-32v-40.88c19.05-11.09 32-31.5 32-55.12v-48c0-30.53-21.41-55.96-50-62.36zM96 352c-17.67 0-32-14.33-32-32s14.33-32 32-32 32 14.33 32 32-14.33 32-32 32zm20.55-112l17.2-66.36c2.23-8.16 9.59-13.64 15.06-13.64h214.4c5.47 0 12.83 5.48 14.85 12.86L395.45 240h-278.9zM416 352c-17.67 0-32-14.33-32-32s14.33-32 32-32 32 14.33 32 32-14.33 32-32 32z\"><\/path><\/svg>\t\t\t\t<\/span>\n\t\t\t<\/div>\n\t\t\t\n\t\t\t\t\t\t<div class=\"elementor-icon-box-content\">\n\n\t\t\t\t\t\t\t\t\t<h3 class=\"elementor-icon-box-title\">\n\t\t\t\t\t\t<span  >\n\t\t\t\t\t\t\tVenta segunda mano y ocasi\u00f3n\t\t\t\t\t\t<\/span>\n\t\t\t\t\t<\/h3>\n\t\t\t\t\n\t\t\t\t\t\t\t\t\t<p class=\"elementor-icon-box-description\">\n\t\t\t\t\t\tAutomoci\u00f3n Mena se erige como una empresa destacada en el \u00e1mbito de la venta de veh\u00edculos de segunda mano y ocasi\u00f3n, ofreciendo a sus clientes una amplia gama de opciones de calidad respaldadas por un servicio excepcional. Con un inventario diverso y cuidadosamente seleccionado, Automoci\u00f3n Mena se dedica a proporcionar a sus clientes la confianza y tranquilidad que buscan al adquirir un veh\u00edculo usado. La atenci\u00f3n personalizada y el compromiso con la transparencia son pilares fundamentales de su filosof\u00eda empresarial, asegurando que cada cliente encuentre el coche perfecto para sus necesidades y presupuesto. Automoci\u00f3n Mena se destaca por su profesionalismo y \u00e9tica comercial, estableciendo as\u00ed un est\u00e1ndar elevado en la industria de venta de veh\u00edculos de segunda mano.\t\t\t\t\t<\/p>\n\t\t\t\t\n\t\t\t<\/div>\n\t\t\t\n\t\t<\/div>\n\t\t\t\t\t\t<\/div>\n\t\t\t\t<\/div>\n\t\t\t\t\t<\/div>\n\t\t<\/div>\n\t\t\t\t<div class=\"elementor-column elementor-col-33 elementor-top-column elementor-element elementor-element-ca7c824\" data-id=\"ca7c824\" data-element_type=\"column\" data-e-type=\"column\">\n\t\t\t<div class=\"elementor-widget-wrap elementor-element-populated\">\n\t\t\t\t\t\t<div class=\"elementor-element elementor-element-ad1cdf8 elementor-view-default elementor-position-block-start elementor-mobile-position-block-start elementor-invisible elementor-widget elementor-widget-icon-box\" data-id=\"ad1cdf8\" data-element_type=\"widget\" data-e-type=\"widget\" data-settings=\"{&quot;_animation&quot;:&quot;fadeInDown&quot;}\" data-widget_type=\"icon-box.default\">\n\t\t\t\t<div class=\"elementor-widget-container\">\n\t\t\t\t\t\t\t<div class=\"elementor-icon-box-wrapper\">\n\n\t\t\t\t\t\t<div class=\"elementor-icon-box-icon\">\n\t\t\t\t<span  class=\"elementor-icon\">\n\t\t\t\t<svg aria-hidden=\"true\" class=\"e-font-icon-svg e-fas-ticket-alt\" viewBox=\"0 0 576 512\" xmlns=\"http:\/\/www.w3.org\/2000\/svg\"><path d=\"M128 160h320v192H128V160zm400 96c0 26.51 21.49 48 48 48v96c0 26.51-21.49 48-48 48H48c-26.51 0-48-21.49-48-48v-96c26.51 0 48-21.49 48-48s-21.49-48-48-48v-96c0-26.51 21.49-48 48-48h480c26.51 0 48 21.49 48 48v96c-26.51 0-48 21.49-48 48zm-48-104c0-13.255-10.745-24-24-24H120c-13.255 0-24 10.745-24 24v208c0 13.255 10.745 24 24 24h336c13.255 0 24-10.745 24-24V152z\"><\/path><\/svg>\t\t\t\t<\/span>\n\t\t\t<\/div>\n\t\t\t\n\t\t\t\t\t\t<div class=\"elementor-icon-box-content\">\n\n\t\t\t\t\t\t\t\t\t<h3 class=\"elementor-icon-box-title\">\n\t\t\t\t\t\t<span  >\n\t\t\t\t\t\t\tReferencia de la provincia\t\t\t\t\t\t<\/span>\n\t\t\t\t\t<\/h3>\n\t\t\t\t\n\t\t\t\t\t\t\t\t\t<p class=\"elementor-icon-box-description\">\n\t\t\t\t\t\tAutomoci\u00f3n Mena se erige como la referencia indiscutible en el sector de compra y venta de veh\u00edculos de segunda mano y ocasi\u00f3n en Ja\u00e9n. Con una trayectoria s\u00f3lida y un compromiso inquebrantable con la excelencia, la empresa se ha ganado la confianza de la comunidad local como el destino preferido para aquellos que buscan veh\u00edculos de calidad respaldados por un servicio excepcional. Automoci\u00f3n Mena se distingue por su rigurosa selecci\u00f3n de veh\u00edculos, asegurando la satisfacci\u00f3n de sus clientes con cada compra. La transparencia, la integridad y la atenci\u00f3n personalizada son los pilares sobre los cuales se construye su reputaci\u00f3n, consolidando su posici\u00f3n como l\u00edder indiscutible en el mercado de autom\u00f3viles de segunda mano en Ja\u00e9n.\t\t\t\t\t<\/p>\n\t\t\t\t\n\t\t\t<\/div>\n\t\t\t\n\t\t<\/div>\n\t\t\t\t\t\t<\/div>\n\t\t\t\t<\/div>\n\t\t\t\t\t<\/div>\n\t\t<\/div>\n\t\t\t\t\t<\/div>\n\t\t<\/section>\n\t\t<div class=\"elementor-element elementor-element-bf9bf98 e-flex e-con-boxed e-con e-parent\" data-id=\"bf9bf98\" data-element_type=\"container\" data-e-type=\"container\">\n\t\t\t\t\t<div class=\"e-con-inner\">\n\t\t\t\t<div class=\"elementor-element elementor-element-4fa7f21 elementor-widget elementor-widget-text-editor\" data-id=\"4fa7f21\" data-element_type=\"widget\" data-e-type=\"widget\" data-widget_type=\"text-editor.default\">\n\t\t\t\t<div class=\"elementor-widget-container\">\n\t\t\t\t\t\t\t\t\t<p class=\"p1\"><strong>PROGRAMA KIT DIGITAL COFINANCIADO POR LOS FONDOS NEXT GENERATION (EU) DEL MECANISMO DE RECUPERACI\u00d3N Y RESILENCIA<\/strong><\/p>\t\t\t\t\t\t\t\t<\/div>\n\t\t\t\t<\/div>\n\t\t\t\t\t<\/div>\n\t\t\t\t<\/div>\n\t\t<div class=\"elementor-element elementor-element-ca26daa e-flex e-con-boxed e-con e-parent\" data-id=\"ca26daa\" data-element_type=\"container\" data-e-type=\"container\">\n\t\t\t\t\t<div class=\"e-con-inner\">\n\t\t<div class=\"elementor-element elementor-element-c3944b0 e-con-full e-flex e-con e-child\" data-id=\"c3944b0\" data-element_type=\"container\" data-e-type=\"container\">\n\t\t\t\t<div class=\"elementor-element elementor-element-4406909 elementor-widget elementor-widget-image\" data-id=\"4406909\" data-element_type=\"widget\" data-e-type=\"widget\" data-widget_type=\"image.default\">\n\t\t\t\t<div class=\"elementor-widget-container\">\n\t\t\t\t\t\t\t\t\t\t\t\t\t\t\t<img fetchpriority=\"high\" decoding=\"async\" width=\"830\" height=\"95\" src=\"https:\/\/automocionmena.es\/wp-content\/uploads\/2024\/12\/Logo_redes-2.jpg\" class=\"attachment-large size-large wp-image-520\" alt=\"\" srcset=\"https:\/\/automocionmena.es\/wp-content\/uploads\/2024\/12\/Logo_redes-2.jpg 960w, https:\/\/automocionmena.es\/wp-content\/uploads\/2024\/12\/Logo_redes-2-300x34.jpg 300w, https:\/\/automocionmena.es\/wp-content\/uploads\/2024\/12\/Logo_redes-2-768x88.jpg 768w, https:\/\/automocionmena.es\/wp-content\/uploads\/2024\/12\/Logo_redes-2-850x97.jpg 850w\" sizes=\"(max-width: 830px) 100vw, 830px\" \/>\t\t\t\t\t\t\t\t\t\t\t\t\t\t\t<\/div>\n\t\t\t\t<\/div>\n\t\t\t\t<\/div>\n\t\t<div class=\"elementor-element elementor-element-8e1b2a1 e-con-full e-flex e-con e-child\" data-id=\"8e1b2a1\" data-element_type=\"container\" data-e-type=\"container\">\n\t\t\t\t<div class=\"elementor-element elementor-element-dcb6e42 elementor-widget elementor-widget-image\" data-id=\"dcb6e42\" data-element_type=\"widget\" data-e-type=\"widget\" data-widget_type=\"image.default\">\n\t\t\t\t<div class=\"elementor-widget-container\">\n\t\t\t\t\t\t\t\t\t\t\t\t\t\t\t<img decoding=\"async\" width=\"830\" height=\"228\" src=\"https:\/\/automocionmena.es\/wp-content\/uploads\/2024\/12\/logo-kit-digital-1024x281-1.png\" class=\"attachment-large size-large wp-image-521\" alt=\"\" srcset=\"https:\/\/automocionmena.es\/wp-content\/uploads\/2024\/12\/logo-kit-digital-1024x281-1.png 1024w, https:\/\/automocionmena.es\/wp-content\/uploads\/2024\/12\/logo-kit-digital-1024x281-1-300x82.png 300w, https:\/\/automocionmena.es\/wp-content\/uploads\/2024\/12\/logo-kit-digital-1024x281-1-768x211.png 768w, https:\/\/automocionmena.es\/wp-content\/uploads\/2024\/12\/logo-kit-digital-1024x281-1-850x233.png 850w\" sizes=\"(max-width: 830px) 100vw, 830px\" \/>\t\t\t\t\t\t\t\t\t\t\t\t\t\t\t<\/div>\n\t\t\t\t<\/div>\n\t\t\t\t<\/div>\n\t\t<div class=\"elementor-element elementor-element-a5c325e e-con-full e-flex e-con e-child\" data-id=\"a5c325e\" data-element_type=\"container\" data-e-type=\"container\">\n\t\t\t\t<div class=\"elementor-element elementor-element-13a9f4d elementor-widget elementor-widget-image\" data-id=\"13a9f4d\" data-element_type=\"widget\" data-e-type=\"widget\" data-widget_type=\"image.default\">\n\t\t\t\t<div class=\"elementor-widget-container\">\n\t\t\t\t\t\t\t\t\t\t\t\t\t\t\t<img decoding=\"async\" width=\"830\" height=\"230\" src=\"https:\/\/automocionmena.es\/wp-content\/uploads\/2024\/12\/image-4-e1686039521479-2.png\" class=\"attachment-large size-large wp-image-522\" alt=\"\" srcset=\"https:\/\/automocionmena.es\/wp-content\/uploads\/2024\/12\/image-4-e1686039521479-2.png 1024w, https:\/\/automocionmena.es\/wp-content\/uploads\/2024\/12\/image-4-e1686039521479-2-300x83.png 300w, https:\/\/automocionmena.es\/wp-content\/uploads\/2024\/12\/image-4-e1686039521479-2-768x213.png 768w, https:\/\/automocionmena.es\/wp-content\/uploads\/2024\/12\/image-4-e1686039521479-2-850x236.png 850w\" sizes=\"(max-width: 830px) 100vw, 830px\" \/>\t\t\t\t\t\t\t\t\t\t\t\t\t\t\t<\/div>\n\t\t\t\t<\/div>\n\t\t\t\t<\/div>\n\t\t<div class=\"elementor-element elementor-element-3d743d1 e-con-full e-flex e-con e-child\" data-id=\"3d743d1\" data-element_type=\"container\" data-e-type=\"container\">\n\t\t\t\t<div class=\"elementor-element elementor-element-a4e4cf1 elementor-widget elementor-widget-image\" data-id=\"a4e4cf1\" data-element_type=\"widget\" data-e-type=\"widget\" data-widget_type=\"image.default\">\n\t\t\t\t<div class=\"elementor-widget-container\">\n\t\t\t\t\t\t\t\t\t\t\t\t\t\t\t<img loading=\"lazy\" decoding=\"async\" width=\"830\" height=\"220\" src=\"https:\/\/automocionmena.es\/wp-content\/uploads\/2024\/12\/image-3-1024x272-2.png\" class=\"attachment-large size-large wp-image-523\" alt=\"\" srcset=\"https:\/\/automocionmena.es\/wp-content\/uploads\/2024\/12\/image-3-1024x272-2.png 1024w, https:\/\/automocionmena.es\/wp-content\/uploads\/2024\/12\/image-3-1024x272-2-300x80.png 300w, https:\/\/automocionmena.es\/wp-content\/uploads\/2024\/12\/image-3-1024x272-2-768x204.png 768w, https:\/\/automocionmena.es\/wp-content\/uploads\/2024\/12\/image-3-1024x272-2-850x226.png 850w\" sizes=\"(max-width: 830px) 100vw, 830px\" \/>\t\t\t\t\t\t\t\t\t\t\t\t\t\t\t<\/div>\n\t\t\t\t<\/div>\n\t\t\t\t<\/div>\n\t\t\t\t\t<\/div>\n\t\t\t\t<\/div>\n\t\t\t\t<\/div>\n\t\t","protected":false},"excerpt":{"rendered":"<p>Nuestros Servicios Compramos tu veh\u00edculo Automoci\u00f3n Mena destaca como una empresa l\u00edder en el sector de compra de veh\u00edculos de segunda mano, ofreciendo a sus clientes una experiencia confiable y transparente. Con a\u00f1os de experiencia, la compa\u00f1\u00eda se ha ganado la confianza de los consumidores gracias a su enfoque profesional y \u00e9tico en todas las&hellip;<\/p>\n","protected":false},"author":2,"featured_media":0,"parent":0,"menu_order":0,"comment_status":"closed","ping_status":"closed","template":"","meta":{"_joinchat":[],"footnotes":""},"class_list":["post-81","page","type-page","status-publish","hentry"],"yoast_head":"<!-- This site is optimized with the Yoast SEO plugin v27.2 - https:\/\/yoast.com\/product\/yoast-seo-wordpress\/ -->\n<title>Nuestros Servicios - Automoci\u00f3n Mena<\/title>\n<meta name=\"description\" content=\"AUTOMOCI\u00d3N MENA, Concesionario de coches de ocasi\u00f3n y segunda mano en Torredelcampo Ja\u00e9n, multimarca\" \/>\n<meta name=\"robots\" content=\"index, follow, max-snippet:-1, max-image-preview:large, max-video-preview:-1\" \/>\n<link rel=\"canonical\" href=\"https:\/\/automocionmena.es\/servicios\/\" \/>\n<meta property=\"og:locale\" content=\"es_ES\" \/>\n<meta property=\"og:type\" content=\"article\" \/>\n<meta property=\"og:title\" content=\"Nuestros Servicios - Automoci\u00f3n Mena\" \/>\n<meta property=\"og:description\" content=\"AUTOMOCI\u00d3N MENA, Concesionario de coches de ocasi\u00f3n y segunda mano en Torredelcampo Ja\u00e9n, multimarca\" \/>\n<meta property=\"og:url\" content=\"https:\/\/automocionmena.es\/servicios\/\" \/>\n<meta property=\"og:site_name\" content=\"Automoci\u00f3n Mena\" \/>\n<meta property=\"article:modified_time\" content=\"2024-12-19T11:53:18+00:00\" \/>\n<meta property=\"og:image\" content=\"https:\/\/automocionmena.es\/wp-content\/uploads\/2024\/12\/Logo_redes-2.jpg\" \/>\n<meta name=\"twitter:card\" content=\"summary_large_image\" \/>\n<meta name=\"twitter:label1\" content=\"Tiempo de lectura\" \/>\n\t<meta name=\"twitter:data1\" content=\"1 minuto\" \/>\n<script type=\"application\/ld+json\" class=\"yoast-schema-graph\">{\"@context\":\"https:\/\/schema.org\",\"@graph\":[{\"@type\":\"WebPage\",\"@id\":\"https:\/\/automocionmena.es\/servicios\/\",\"url\":\"https:\/\/automocionmena.es\/servicios\/\",\"name\":\"Nuestros Servicios - Automoci\u00f3n Mena\",\"isPartOf\":{\"@id\":\"https:\/\/automocionmena.es\/#website\"},\"primaryImageOfPage\":{\"@id\":\"https:\/\/automocionmena.es\/servicios\/#primaryimage\"},\"image\":{\"@id\":\"https:\/\/automocionmena.es\/servicios\/#primaryimage\"},\"thumbnailUrl\":\"https:\/\/automocionmena.es\/wp-content\/uploads\/2024\/12\/Logo_redes-2.jpg\",\"datePublished\":\"2019-06-12T11:55:18+00:00\",\"dateModified\":\"2024-12-19T11:53:18+00:00\",\"description\":\"AUTOMOCI\u00d3N MENA, Concesionario de coches de ocasi\u00f3n y segunda mano en Torredelcampo Ja\u00e9n, multimarca\",\"breadcrumb\":{\"@id\":\"https:\/\/automocionmena.es\/servicios\/#breadcrumb\"},\"inLanguage\":\"es\",\"potentialAction\":[{\"@type\":\"ReadAction\",\"target\":[\"https:\/\/automocionmena.es\/servicios\/\"]}]},{\"@type\":\"ImageObject\",\"inLanguage\":\"es\",\"@id\":\"https:\/\/automocionmena.es\/servicios\/#primaryimage\",\"url\":\"https:\/\/automocionmena.es\/wp-content\/uploads\/2024\/12\/Logo_redes-2.jpg\",\"contentUrl\":\"https:\/\/automocionmena.es\/wp-content\/uploads\/2024\/12\/Logo_redes-2.jpg\",\"width\":960,\"height\":110},{\"@type\":\"BreadcrumbList\",\"@id\":\"https:\/\/automocionmena.es\/servicios\/#breadcrumb\",\"itemListElement\":[{\"@type\":\"ListItem\",\"position\":1,\"name\":\"Portada\",\"item\":\"https:\/\/automocionmena.es\/\"},{\"@type\":\"ListItem\",\"position\":2,\"name\":\"Nuestros Servicios\"}]},{\"@type\":\"WebSite\",\"@id\":\"https:\/\/automocionmena.es\/#website\",\"url\":\"https:\/\/automocionmena.es\/\",\"name\":\"Automoci\u00f3n Mena\",\"description\":\"Compra y Venta de Autom\u00f3viles en Torredelcampo (Ja\u00e9n)\",\"publisher\":{\"@id\":\"https:\/\/automocionmena.es\/#organization\"},\"potentialAction\":[{\"@type\":\"SearchAction\",\"target\":{\"@type\":\"EntryPoint\",\"urlTemplate\":\"https:\/\/automocionmena.es\/?s={search_term_string}\"},\"query-input\":{\"@type\":\"PropertyValueSpecification\",\"valueRequired\":true,\"valueName\":\"search_term_string\"}}],\"inLanguage\":\"es\"},{\"@type\":\"Organization\",\"@id\":\"https:\/\/automocionmena.es\/#organization\",\"name\":\"Automoci\u00f3n Mena\",\"url\":\"https:\/\/automocionmena.es\/\",\"logo\":{\"@type\":\"ImageObject\",\"inLanguage\":\"es\",\"@id\":\"https:\/\/automocionmena.es\/#\/schema\/logo\/image\/\",\"url\":\"https:\/\/automocionmena.es\/wp-content\/uploads\/2023\/12\/logoweb-MENA-BLANCO.png\",\"contentUrl\":\"https:\/\/automocionmena.es\/wp-content\/uploads\/2023\/12\/logoweb-MENA-BLANCO.png\",\"width\":470,\"height\":82,\"caption\":\"Automoci\u00f3n Mena\"},\"image\":{\"@id\":\"https:\/\/automocionmena.es\/#\/schema\/logo\/image\/\"}}]}<\/script>\n<!-- \/ Yoast SEO plugin. -->","yoast_head_json":{"title":"Nuestros Servicios - Automoci\u00f3n Mena","description":"AUTOMOCI\u00d3N MENA, Concesionario de coches de ocasi\u00f3n y segunda mano en Torredelcampo Ja\u00e9n, multimarca","robots":{"index":"index","follow":"follow","max-snippet":"max-snippet:-1","max-image-preview":"max-image-preview:large","max-video-preview":"max-video-preview:-1"},"canonical":"https:\/\/automocionmena.es\/servicios\/","og_locale":"es_ES","og_type":"article","og_title":"Nuestros Servicios - Automoci\u00f3n Mena","og_description":"AUTOMOCI\u00d3N MENA, Concesionario de coches de ocasi\u00f3n y segunda mano en Torredelcampo Ja\u00e9n, multimarca","og_url":"https:\/\/automocionmena.es\/servicios\/","og_site_name":"Automoci\u00f3n Mena","article_modified_time":"2024-12-19T11:53:18+00:00","og_image":[{"url":"https:\/\/automocionmena.es\/wp-content\/uploads\/2024\/12\/Logo_redes-2.jpg","type":"","width":"","height":""}],"twitter_card":"summary_large_image","twitter_misc":{"Tiempo de lectura":"1 minuto"},"schema":{"@context":"https:\/\/schema.org","@graph":[{"@type":"WebPage","@id":"https:\/\/automocionmena.es\/servicios\/","url":"https:\/\/automocionmena.es\/servicios\/","name":"Nuestros Servicios - Automoci\u00f3n Mena","isPartOf":{"@id":"https:\/\/automocionmena.es\/#website"},"primaryImageOfPage":{"@id":"https:\/\/automocionmena.es\/servicios\/#primaryimage"},"image":{"@id":"https:\/\/automocionmena.es\/servicios\/#primaryimage"},"thumbnailUrl":"https:\/\/automocionmena.es\/wp-content\/uploads\/2024\/12\/Logo_redes-2.jpg","datePublished":"2019-06-12T11:55:18+00:00","dateModified":"2024-12-19T11:53:18+00:00","description":"AUTOMOCI\u00d3N MENA, Concesionario de coches de ocasi\u00f3n y segunda mano en Torredelcampo Ja\u00e9n, multimarca","breadcrumb":{"@id":"https:\/\/automocionmena.es\/servicios\/#breadcrumb"},"inLanguage":"es","potentialAction":[{"@type":"ReadAction","target":["https:\/\/automocionmena.es\/servicios\/"]}]},{"@type":"ImageObject","inLanguage":"es","@id":"https:\/\/automocionmena.es\/servicios\/#primaryimage","url":"https:\/\/automocionmena.es\/wp-content\/uploads\/2024\/12\/Logo_redes-2.jpg","contentUrl":"https:\/\/automocionmena.es\/wp-content\/uploads\/2024\/12\/Logo_redes-2.jpg","width":960,"height":110},{"@type":"BreadcrumbList","@id":"https:\/\/automocionmena.es\/servicios\/#breadcrumb","itemListElement":[{"@type":"ListItem","position":1,"name":"Portada","item":"https:\/\/automocionmena.es\/"},{"@type":"ListItem","position":2,"name":"Nuestros Servicios"}]},{"@type":"WebSite","@id":"https:\/\/automocionmena.es\/#website","url":"https:\/\/automocionmena.es\/","name":"Automoci\u00f3n Mena","description":"Compra y Venta de Autom\u00f3viles en Torredelcampo (Ja\u00e9n)","publisher":{"@id":"https:\/\/automocionmena.es\/#organization"},"potentialAction":[{"@type":"SearchAction","target":{"@type":"EntryPoint","urlTemplate":"https:\/\/automocionmena.es\/?s={search_term_string}"},"query-input":{"@type":"PropertyValueSpecification","valueRequired":true,"valueName":"search_term_string"}}],"inLanguage":"es"},{"@type":"Organization","@id":"https:\/\/automocionmena.es\/#organization","name":"Automoci\u00f3n Mena","url":"https:\/\/automocionmena.es\/","logo":{"@type":"ImageObject","inLanguage":"es","@id":"https:\/\/automocionmena.es\/#\/schema\/logo\/image\/","url":"https:\/\/automocionmena.es\/wp-content\/uploads\/2023\/12\/logoweb-MENA-BLANCO.png","contentUrl":"https:\/\/automocionmena.es\/wp-content\/uploads\/2023\/12\/logoweb-MENA-BLANCO.png","width":470,"height":82,"caption":"Automoci\u00f3n Mena"},"image":{"@id":"https:\/\/automocionmena.es\/#\/schema\/logo\/image\/"}}]}},"_links":{"self":[{"href":"https:\/\/automocionmena.es\/index.php?rest_route=\/wp\/v2\/pages\/81","targetHints":{"allow":["GET"]}}],"collection":[{"href":"https:\/\/automocionmena.es\/index.php?rest_route=\/wp\/v2\/pages"}],"about":[{"href":"https:\/\/automocionmena.es\/index.php?rest_route=\/wp\/v2\/types\/page"}],"author":[{"embeddable":true,"href":"https:\/\/automocionmena.es\/index.php?rest_route=\/wp\/v2\/users\/2"}],"replies":[{"embeddable":true,"href":"https:\/\/automocionmena.es\/index.php?rest_route=%2Fwp%2Fv2%2Fcomments&post=81"}],"version-history":[{"count":70,"href":"https:\/\/automocionmena.es\/index.php?rest_route=\/wp\/v2\/pages\/81\/revisions"}],"predecessor-version":[{"id":527,"href":"https:\/\/automocionmena.es\/index.php?rest_route=\/wp\/v2\/pages\/81\/revisions\/527"}],"wp:attachment":[{"href":"https:\/\/automocionmena.es\/index.php?rest_route=%2Fwp%2Fv2%2Fmedia&parent=81"}],"curies":[{"name":"wp","href":"https:\/\/api.w.org\/{rel}","templated":true}]}}